{"id":1024,"date":"2014-04-15T09:06:30","date_gmt":"2014-04-15T14:06:30","guid":{"rendered":"http:\/\/devsudouest.com\/?page_id=1024"},"modified":"2014-05-26T13:48:20","modified_gmt":"2014-05-26T18:48:20","slug":"lac-balzac-pour-se-rendre-2","status":"publish","type":"page","link":"https:\/\/devsudouest.com\/en\/lac-balzac-pour-se-rendre-2\/","title":{"rendered":"Lac Balzac &#8211; Pour se rendre"},"content":{"rendered":"<p style=\"font-size: 16px;\">Le Territoire des Lacs \u00e9tant un grand domaine priv\u00e9 s\u00e9curis\u00e9 par une barri\u00e8re, toute visite devra y \u00eatre faire sur <a title=\"Contact\" href=\"http:\/\/devsudouest.com\/contact\/\"><strong>rendez-vous<\/strong><\/a>. Il est impossible d\u2019y entrer sans y \u00eatre accompagn\u00e9.<\/p>\n<p style=\"font-size: 16px;\">Pour afficher un plan et calculer l&#8217;itin\u00e9raire routier dans Google Maps, <a href=\"https:\/\/www.google.ca\/maps\/place\/LAC+BALZAC\/@45.822859,-74.339893,17z\/data=!3m1!4b1!4m2!3m1!1s0x0:0x456391b168897589?hl=fr\" target=\"_blank\">cliquez ici<\/a><\/p>\n","protected":false},"excerpt":{"rendered":"<p>Le Territoire des Lacs \u00e9tant un grand domaine priv\u00e9 s\u00e9curis\u00e9 par une barri\u00e8re, toute visite devra y \u00eatre faire sur rendez-vous. Il est impossible d\u2019y entrer sans y \u00eatre accompagn\u00e9. Pour afficher un plan et calculer l&#8217;itin\u00e9raire routier dans Google Maps, cliquez ici<\/p>\n","protected":false},"author":1,"featured_media":0,"parent":0,"menu_order":0,"comment_status":"closed","ping_status":"open","template":"","meta":{"footnotes":""},"_links":{"self":[{"href":"https:\/\/devsudouest.com\/en\/wp-json\/wp\/v2\/pages\/1024"}],"collection":[{"href":"https:\/\/devsudouest.com\/en\/wp-json\/wp\/v2\/pages"}],"about":[{"href":"https:\/\/devsudouest.com\/en\/wp-json\/wp\/v2\/types\/page"}],"author":[{"embeddable":true,"href":"https:\/\/devsudouest.com\/en\/wp-json\/wp\/v2\/users\/1"}],"replies":[{"embeddable":true,"href":"https:\/\/devsudouest.com\/en\/wp-json\/wp\/v2\/comments?post=1024"}],"version-history":[{"count":1,"href":"https:\/\/devsudouest.com\/en\/wp-json\/wp\/v2\/pages\/1024\/revisions"}],"predecessor-version":[{"id":1031,"href":"https:\/\/devsudouest.com\/en\/wp-json\/wp\/v2\/pages\/1024\/revisions\/1031"}],"wp:attachment":[{"href":"https:\/\/devsudouest.com\/en\/wp-json\/wp\/v2\/media?parent=1024"}],"curies":[{"name":"wp","href":"https:\/\/api.w.org\/{rel}","templated":true}]}}